{"id":150,"date":"2022-10-08T18:21:57","date_gmt":"2022-10-08T16:21:57","guid":{"rendered":"http:\/\/lesentrepreneurslocaux.fr\/?page_id=150"},"modified":"2023-12-15T10:59:41","modified_gmt":"2023-12-15T09:59:41","slug":"nos-villages","status":"publish","type":"page","link":"https:\/\/lesentrepreneurslocaux.fr\/index.php\/nos-villages\/","title":{"rendered":"Nos villages"},"content":{"rendered":"<p>Les villages de <a href=\"https:\/\/www.torpes.fr\/\">Torpes<\/a> et <a href=\"http:\/\/www.boussieres.fr\/topic\/index.html\">Boussi\u00e8res<\/a> sont deux communes voisines situ\u00e9es dans le <a href=\"https:\/\/www.doubs.fr\/\">d\u00e9partement du Doubs<\/a> en r\u00e9gion <a href=\"https:\/\/www.bourgognefranchecomte.fr\/\">Bourgogne Franche-Comt\u00e9<\/a>. Leur histoire est li\u00e9e \u00e0 celle des papeteries. En effet, cette manufacture fut fond\u00e9e au XVIII\u00e8me si\u00e8cle en Alsace mais apr\u00e8s l\u2019annexion de l\u2019Alsace \u00e0 l\u2019Allemagne, Ernest Zuber et ses collaborateurs choisissent d\u2019implanter un site de production \u00e0 la fronti\u00e8re de nos deux villages sur les bords de la rivi\u00e8re du Doubs.<\/p>\n<p>Un joli patrimoine est \u00e0 d\u00e9couvrir dans ces deux communes voisines. Le ch\u00e2teau de Torpes, par exemple, \u00e9rig\u00e9 sur un rocher \u00e0 20 <abbr class=\"abbr\" title=\"m\u00e8tre\">m<\/abbr> de haut, est class\u00e9 monument historique. L&#8217;\u00e9glise Saint-Etienne, situ\u00e9e \u00e0 Boussi\u00e8res avec son clocher datant XIe si\u00e8cle et son avant porche de 1574, couvert de laves est \u00e9galement class\u00e9e monument historique.<\/p>\n<p>Les villages d&#8217;Abbans-dessous, Abbans-dessus, Vorges-Les-Pains, Busy, Thoraise entourent ces deux communes.<\/p>\n<p>Ensemble, ces\u00a0 villages offrent notamment les services suivants : h\u00f4tellerie, boulangeries, restaurants, coiffeurs, garages, un traiteur, une maison m\u00e9dicale, taxis\u2026<\/p>\n","protected":false},"excerpt":{"rendered":"<p>Les villages de Torpes et Boussi\u00e8res sont deux communes voisines situ\u00e9es dans le d\u00e9partement du Doubs en r\u00e9gion Bourgogne Franche-Comt\u00e9. Leur histoire est li\u00e9e \u00e0 celle des papeteries. En effet, cette manufacture fut fond\u00e9e au XVIII\u00e8me si\u00e8cle en Alsace mais apr\u00e8s l\u2019annexion de l\u2019Alsace \u00e0 l\u2019Allemagne, Ernest Zuber et ses collaborateurs choisissent d\u2019implanter un site [&hellip;]<\/p>\n","protected":false},"author":1,"featured_media":0,"parent":0,"menu_order":0,"comment_status":"closed","ping_status":"closed","template":"","meta":{"footnotes":""},"class_list":["post-150","page","type-page","status-publish","hentry"],"yoast_head":"<!-- This site is optimized with the Yoast SEO plugin v21.7 - https:\/\/yoast.com\/wordpress\/plugins\/seo\/ -->\n<title>Nos villages - Les entrepreneurs locaux<\/title>\n<meta name=\"robots\" content=\"index, follow, max-snippet:-1, max-image-preview:large, max-video-preview:-1\" \/>\n<link rel=\"canonical\" href=\"https:\/\/lesentrepreneurslocaux.fr\/index.php\/nos-villages\/\" \/>\n<meta property=\"og:locale\" content=\"en_US\" \/>\n<meta property=\"og:type\" content=\"article\" \/>\n<meta property=\"og:title\" content=\"Nos villages - Les entrepreneurs locaux\" \/>\n<meta property=\"og:description\" content=\"Les villages de Torpes et Boussi\u00e8res sont deux communes voisines situ\u00e9es dans le d\u00e9partement du Doubs en r\u00e9gion Bourgogne Franche-Comt\u00e9. Leur histoire est li\u00e9e \u00e0 celle des papeteries. En effet, cette manufacture fut fond\u00e9e au XVIII\u00e8me si\u00e8cle en Alsace mais apr\u00e8s l\u2019annexion de l\u2019Alsace \u00e0 l\u2019Allemagne, Ernest Zuber et ses collaborateurs choisissent d\u2019implanter un site [&hellip;]\" \/>\n<meta property=\"og:url\" content=\"https:\/\/lesentrepreneurslocaux.fr\/index.php\/nos-villages\/\" \/>\n<meta property=\"og:site_name\" content=\"Les entrepreneurs locaux\" \/>\n<meta property=\"article:modified_time\" content=\"2023-12-15T09:59:41+00:00\" \/>\n<meta name=\"twitter:card\" content=\"summary_large_image\" \/>\n<meta name=\"twitter:label1\" content=\"Est. reading time\" \/>\n\t<meta name=\"twitter:data1\" content=\"1 minute\" \/>\n<script type=\"application\/ld+json\" class=\"yoast-schema-graph\">{\"@context\":\"https:\/\/schema.org\",\"@graph\":[{\"@type\":\"WebPage\",\"@id\":\"https:\/\/lesentrepreneurslocaux.fr\/index.php\/nos-villages\/\",\"url\":\"https:\/\/lesentrepreneurslocaux.fr\/index.php\/nos-villages\/\",\"name\":\"Nos villages - Les entrepreneurs locaux\",\"isPartOf\":{\"@id\":\"http:\/\/lesentrepreneurslocaux.fr\/#website\"},\"datePublished\":\"2022-10-08T16:21:57+00:00\",\"dateModified\":\"2023-12-15T09:59:41+00:00\",\"breadcrumb\":{\"@id\":\"https:\/\/lesentrepreneurslocaux.fr\/index.php\/nos-villages\/#breadcrumb\"},\"inLanguage\":\"en-US\",\"potentialAction\":[{\"@type\":\"ReadAction\",\"target\":[\"https:\/\/lesentrepreneurslocaux.fr\/index.php\/nos-villages\/\"]}]},{\"@type\":\"BreadcrumbList\",\"@id\":\"https:\/\/lesentrepreneurslocaux.fr\/index.php\/nos-villages\/#breadcrumb\",\"itemListElement\":[{\"@type\":\"ListItem\",\"position\":1,\"name\":\"Accueil\",\"item\":\"http:\/\/lesentrepreneurslocaux.fr\/\"},{\"@type\":\"ListItem\",\"position\":2,\"name\":\"Nos villages\"}]},{\"@type\":\"WebSite\",\"@id\":\"http:\/\/lesentrepreneurslocaux.fr\/#website\",\"url\":\"http:\/\/lesentrepreneurslocaux.fr\/\",\"name\":\"Les entrepreneurs locaux\",\"description\":\"les entrepreneurs locaux\",\"publisher\":{\"@id\":\"http:\/\/lesentrepreneurslocaux.fr\/#organization\"},\"potentialAction\":[{\"@type\":\"SearchAction\",\"target\":{\"@type\":\"EntryPoint\",\"urlTemplate\":\"http:\/\/lesentrepreneurslocaux.fr\/?s={search_term_string}\"},\"query-input\":\"required name=search_term_string\"}],\"inLanguage\":\"en-US\"},{\"@type\":\"Organization\",\"@id\":\"http:\/\/lesentrepreneurslocaux.fr\/#organization\",\"name\":\"Les entrepreneurs locaux\",\"url\":\"http:\/\/lesentrepreneurslocaux.fr\/\",\"logo\":{\"@type\":\"ImageObject\",\"inLanguage\":\"en-US\",\"@id\":\"http:\/\/lesentrepreneurslocaux.fr\/#\/schema\/logo\/image\/\",\"url\":\"https:\/\/lesentrepreneurslocaux.fr\/wp-content\/uploads\/2022\/10\/cropped-LOGO-SANS-ECRITURE.jpg\",\"contentUrl\":\"https:\/\/lesentrepreneurslocaux.fr\/wp-content\/uploads\/2022\/10\/cropped-LOGO-SANS-ECRITURE.jpg\",\"width\":675,\"height\":675,\"caption\":\"Les entrepreneurs locaux\"},\"image\":{\"@id\":\"http:\/\/lesentrepreneurslocaux.fr\/#\/schema\/logo\/image\/\"}}]}<\/script>\n<!-- \/ Yoast SEO plugin. -->","yoast_head_json":{"title":"Nos villages - Les entrepreneurs locaux","robots":{"index":"index","follow":"follow","max-snippet":"max-snippet:-1","max-image-preview":"max-image-preview:large","max-video-preview":"max-video-preview:-1"},"canonical":"https:\/\/lesentrepreneurslocaux.fr\/index.php\/nos-villages\/","og_locale":"en_US","og_type":"article","og_title":"Nos villages - Les entrepreneurs locaux","og_description":"Les villages de Torpes et Boussi\u00e8res sont deux communes voisines situ\u00e9es dans le d\u00e9partement du Doubs en r\u00e9gion Bourgogne Franche-Comt\u00e9. Leur histoire est li\u00e9e \u00e0 celle des papeteries. En effet, cette manufacture fut fond\u00e9e au XVIII\u00e8me si\u00e8cle en Alsace mais apr\u00e8s l\u2019annexion de l\u2019Alsace \u00e0 l\u2019Allemagne, Ernest Zuber et ses collaborateurs choisissent d\u2019implanter un site [&hellip;]","og_url":"https:\/\/lesentrepreneurslocaux.fr\/index.php\/nos-villages\/","og_site_name":"Les entrepreneurs locaux","article_modified_time":"2023-12-15T09:59:41+00:00","twitter_card":"summary_large_image","twitter_misc":{"Est. reading time":"1 minute"},"schema":{"@context":"https:\/\/schema.org","@graph":[{"@type":"WebPage","@id":"https:\/\/lesentrepreneurslocaux.fr\/index.php\/nos-villages\/","url":"https:\/\/lesentrepreneurslocaux.fr\/index.php\/nos-villages\/","name":"Nos villages - Les entrepreneurs locaux","isPartOf":{"@id":"http:\/\/lesentrepreneurslocaux.fr\/#website"},"datePublished":"2022-10-08T16:21:57+00:00","dateModified":"2023-12-15T09:59:41+00:00","breadcrumb":{"@id":"https:\/\/lesentrepreneurslocaux.fr\/index.php\/nos-villages\/#breadcrumb"},"inLanguage":"en-US","potentialAction":[{"@type":"ReadAction","target":["https:\/\/lesentrepreneurslocaux.fr\/index.php\/nos-villages\/"]}]},{"@type":"BreadcrumbList","@id":"https:\/\/lesentrepreneurslocaux.fr\/index.php\/nos-villages\/#breadcrumb","itemListElement":[{"@type":"ListItem","position":1,"name":"Accueil","item":"http:\/\/lesentrepreneurslocaux.fr\/"},{"@type":"ListItem","position":2,"name":"Nos villages"}]},{"@type":"WebSite","@id":"http:\/\/lesentrepreneurslocaux.fr\/#website","url":"http:\/\/lesentrepreneurslocaux.fr\/","name":"Les entrepreneurs locaux","description":"les entrepreneurs locaux","publisher":{"@id":"http:\/\/lesentrepreneurslocaux.fr\/#organization"},"potentialAction":[{"@type":"SearchAction","target":{"@type":"EntryPoint","urlTemplate":"http:\/\/lesentrepreneurslocaux.fr\/?s={search_term_string}"},"query-input":"required name=search_term_string"}],"inLanguage":"en-US"},{"@type":"Organization","@id":"http:\/\/lesentrepreneurslocaux.fr\/#organization","name":"Les entrepreneurs locaux","url":"http:\/\/lesentrepreneurslocaux.fr\/","logo":{"@type":"ImageObject","inLanguage":"en-US","@id":"http:\/\/lesentrepreneurslocaux.fr\/#\/schema\/logo\/image\/","url":"https:\/\/lesentrepreneurslocaux.fr\/wp-content\/uploads\/2022\/10\/cropped-LOGO-SANS-ECRITURE.jpg","contentUrl":"https:\/\/lesentrepreneurslocaux.fr\/wp-content\/uploads\/2022\/10\/cropped-LOGO-SANS-ECRITURE.jpg","width":675,"height":675,"caption":"Les entrepreneurs locaux"},"image":{"@id":"http:\/\/lesentrepreneurslocaux.fr\/#\/schema\/logo\/image\/"}}]}},"_links":{"self":[{"href":"https:\/\/lesentrepreneurslocaux.fr\/index.php\/wp-json\/wp\/v2\/pages\/150","targetHints":{"allow":["GET"]}}],"collection":[{"href":"https:\/\/lesentrepreneurslocaux.fr\/index.php\/wp-json\/wp\/v2\/pages"}],"about":[{"href":"https:\/\/lesentrepreneurslocaux.fr\/index.php\/wp-json\/wp\/v2\/types\/page"}],"author":[{"embeddable":true,"href":"https:\/\/lesentrepreneurslocaux.fr\/index.php\/wp-json\/wp\/v2\/users\/1"}],"replies":[{"embeddable":true,"href":"https:\/\/lesentrepreneurslocaux.fr\/index.php\/wp-json\/wp\/v2\/comments?post=150"}],"version-history":[{"count":6,"href":"https:\/\/lesentrepreneurslocaux.fr\/index.php\/wp-json\/wp\/v2\/pages\/150\/revisions"}],"predecessor-version":[{"id":1212,"href":"https:\/\/lesentrepreneurslocaux.fr\/index.php\/wp-json\/wp\/v2\/pages\/150\/revisions\/1212"}],"wp:attachment":[{"href":"https:\/\/lesentrepreneurslocaux.fr\/index.php\/wp-json\/wp\/v2\/media?parent=150"}],"curies":[{"name":"wp","href":"https:\/\/api.w.org\/{rel}","templated":true}]}}