{"id":178,"date":"2022-10-08T18:43:40","date_gmt":"2022-10-08T16:43:40","guid":{"rendered":"http:\/\/lesentrepreneurslocaux.fr\/?page_id=178"},"modified":"2023-09-14T11:00:46","modified_gmt":"2023-09-14T09:00:46","slug":"nos-manifestations","status":"publish","type":"page","link":"https:\/\/lesentrepreneurslocaux.fr\/index.php\/nos-manifestations\/","title":{"rendered":"Nos \u00e9v\u00e8nements"},"content":{"rendered":"<h1>Nos \u00e9v\u00e8nements<\/h1>\r\n<h2>Notre journ\u00e9e &#8220;portes ouvertes&#8221; du dimanche 23 avril 2023<\/h2>\r\n<h2><img loading=\"lazy\" decoding=\"async\" class=\"size-large wp-image-1188 aligncenter\" src=\"http:\/\/lesentrepreneurslocaux.fr\/wp-content\/uploads\/2023\/09\/ER-JPO-572x1024.jpg\" alt=\"\" width=\"572\" height=\"1024\" srcset=\"https:\/\/lesentrepreneurslocaux.fr\/wp-content\/uploads\/2023\/09\/ER-JPO-572x1024.jpg 572w, https:\/\/lesentrepreneurslocaux.fr\/wp-content\/uploads\/2023\/09\/ER-JPO-167x300.jpg 167w, https:\/\/lesentrepreneurslocaux.fr\/wp-content\/uploads\/2023\/09\/ER-JPO.jpg 768w\" sizes=\"auto, (max-width: 572px) 100vw, 572px\" \/><\/h2>\r\n<h2>Notre rencontre \u00e0 la scierie Corne<\/h2>\r\n<img loading=\"lazy\" decoding=\"async\" class=\"size-large wp-image-1195 aligncenter\" src=\"http:\/\/lesentrepreneurslocaux.fr\/wp-content\/uploads\/2023\/09\/ARTICLE-ER-31-O7-856x1024.jpg\" alt=\"\" width=\"856\" height=\"1024\" srcset=\"https:\/\/lesentrepreneurslocaux.fr\/wp-content\/uploads\/2023\/09\/ARTICLE-ER-31-O7-856x1024.jpg 856w, https:\/\/lesentrepreneurslocaux.fr\/wp-content\/uploads\/2023\/09\/ARTICLE-ER-31-O7-251x300.jpg 251w, https:\/\/lesentrepreneurslocaux.fr\/wp-content\/uploads\/2023\/09\/ARTICLE-ER-31-O7-768x918.jpg 768w, https:\/\/lesentrepreneurslocaux.fr\/wp-content\/uploads\/2023\/09\/ARTICLE-ER-31-O7-1285x1536.jpg 1285w, https:\/\/lesentrepreneurslocaux.fr\/wp-content\/uploads\/2023\/09\/ARTICLE-ER-31-O7-1713x2048.jpg 1713w\" sizes=\"auto, (max-width: 856px) 100vw, 856px\" \/>\r\n<h2><\/h2>","protected":false},"excerpt":{"rendered":"<p>Nos \u00e9v\u00e8nements Notre journ\u00e9e &#8220;portes ouvertes&#8221; du dimanche 23 avril 2023 Notre rencontre \u00e0 la scierie Corne<\/p>\n","protected":false},"author":1,"featured_media":0,"parent":0,"menu_order":0,"comment_status":"closed","ping_status":"closed","template":"page-templates\/full-width-page.php","meta":{"footnotes":""},"class_list":["post-178","page","type-page","status-publish","hentry"],"yoast_head":"<!-- This site is optimized with the Yoast SEO plugin v21.7 - https:\/\/yoast.com\/wordpress\/plugins\/seo\/ -->\n<title>Nos \u00e9v\u00e8nements - Les entrepreneurs locaux<\/title>\n<meta name=\"robots\" content=\"index, follow, max-snippet:-1, max-image-preview:large, max-video-preview:-1\" \/>\n<link rel=\"canonical\" href=\"https:\/\/lesentrepreneurslocaux.fr\/index.php\/nos-manifestations\/\" \/>\n<meta property=\"og:locale\" content=\"en_US\" \/>\n<meta property=\"og:type\" content=\"article\" \/>\n<meta property=\"og:title\" content=\"Nos \u00e9v\u00e8nements - Les entrepreneurs locaux\" \/>\n<meta property=\"og:description\" content=\"Nos \u00e9v\u00e8nements Notre journ\u00e9e &#8220;portes ouvertes&#8221; du dimanche 23 avril 2023 Notre rencontre \u00e0 la scierie Corne\" \/>\n<meta property=\"og:url\" content=\"https:\/\/lesentrepreneurslocaux.fr\/index.php\/nos-manifestations\/\" \/>\n<meta property=\"og:site_name\" content=\"Les entrepreneurs locaux\" \/>\n<meta property=\"article:modified_time\" content=\"2023-09-14T09:00:46+00:00\" \/>\n<meta property=\"og:image\" content=\"http:\/\/lesentrepreneurslocaux.fr\/wp-content\/uploads\/2023\/09\/ER-JPO-572x1024.jpg\" \/>\n<meta name=\"twitter:card\" content=\"summary_large_image\" \/>\n<meta name=\"twitter:label1\" content=\"Est. reading time\" \/>\n\t<meta name=\"twitter:data1\" content=\"1 minute\" \/>\n<script type=\"application\/ld+json\" class=\"yoast-schema-graph\">{\"@context\":\"https:\/\/schema.org\",\"@graph\":[{\"@type\":\"WebPage\",\"@id\":\"https:\/\/lesentrepreneurslocaux.fr\/index.php\/nos-manifestations\/\",\"url\":\"https:\/\/lesentrepreneurslocaux.fr\/index.php\/nos-manifestations\/\",\"name\":\"Nos \u00e9v\u00e8nements - Les entrepreneurs locaux\",\"isPartOf\":{\"@id\":\"http:\/\/lesentrepreneurslocaux.fr\/#website\"},\"datePublished\":\"2022-10-08T16:43:40+00:00\",\"dateModified\":\"2023-09-14T09:00:46+00:00\",\"breadcrumb\":{\"@id\":\"https:\/\/lesentrepreneurslocaux.fr\/index.php\/nos-manifestations\/#breadcrumb\"},\"inLanguage\":\"en-US\",\"potentialAction\":[{\"@type\":\"ReadAction\",\"target\":[\"https:\/\/lesentrepreneurslocaux.fr\/index.php\/nos-manifestations\/\"]}]},{\"@type\":\"BreadcrumbList\",\"@id\":\"https:\/\/lesentrepreneurslocaux.fr\/index.php\/nos-manifestations\/#breadcrumb\",\"itemListElement\":[{\"@type\":\"ListItem\",\"position\":1,\"name\":\"Accueil\",\"item\":\"http:\/\/lesentrepreneurslocaux.fr\/\"},{\"@type\":\"ListItem\",\"position\":2,\"name\":\"Nos \u00e9v\u00e8nements\"}]},{\"@type\":\"WebSite\",\"@id\":\"http:\/\/lesentrepreneurslocaux.fr\/#website\",\"url\":\"http:\/\/lesentrepreneurslocaux.fr\/\",\"name\":\"Les entrepreneurs locaux\",\"description\":\"les entrepreneurs locaux\",\"publisher\":{\"@id\":\"http:\/\/lesentrepreneurslocaux.fr\/#organization\"},\"potentialAction\":[{\"@type\":\"SearchAction\",\"target\":{\"@type\":\"EntryPoint\",\"urlTemplate\":\"http:\/\/lesentrepreneurslocaux.fr\/?s={search_term_string}\"},\"query-input\":\"required name=search_term_string\"}],\"inLanguage\":\"en-US\"},{\"@type\":\"Organization\",\"@id\":\"http:\/\/lesentrepreneurslocaux.fr\/#organization\",\"name\":\"Les entrepreneurs locaux\",\"url\":\"http:\/\/lesentrepreneurslocaux.fr\/\",\"logo\":{\"@type\":\"ImageObject\",\"inLanguage\":\"en-US\",\"@id\":\"http:\/\/lesentrepreneurslocaux.fr\/#\/schema\/logo\/image\/\",\"url\":\"https:\/\/lesentrepreneurslocaux.fr\/wp-content\/uploads\/2022\/10\/cropped-LOGO-SANS-ECRITURE.jpg\",\"contentUrl\":\"https:\/\/lesentrepreneurslocaux.fr\/wp-content\/uploads\/2022\/10\/cropped-LOGO-SANS-ECRITURE.jpg\",\"width\":675,\"height\":675,\"caption\":\"Les entrepreneurs locaux\"},\"image\":{\"@id\":\"http:\/\/lesentrepreneurslocaux.fr\/#\/schema\/logo\/image\/\"}}]}<\/script>\n<!-- \/ Yoast SEO plugin. -->","yoast_head_json":{"title":"Nos \u00e9v\u00e8nements - Les entrepreneurs locaux","robots":{"index":"index","follow":"follow","max-snippet":"max-snippet:-1","max-image-preview":"max-image-preview:large","max-video-preview":"max-video-preview:-1"},"canonical":"https:\/\/lesentrepreneurslocaux.fr\/index.php\/nos-manifestations\/","og_locale":"en_US","og_type":"article","og_title":"Nos \u00e9v\u00e8nements - Les entrepreneurs locaux","og_description":"Nos \u00e9v\u00e8nements Notre journ\u00e9e &#8220;portes ouvertes&#8221; du dimanche 23 avril 2023 Notre rencontre \u00e0 la scierie Corne","og_url":"https:\/\/lesentrepreneurslocaux.fr\/index.php\/nos-manifestations\/","og_site_name":"Les entrepreneurs locaux","article_modified_time":"2023-09-14T09:00:46+00:00","og_image":[{"url":"http:\/\/lesentrepreneurslocaux.fr\/wp-content\/uploads\/2023\/09\/ER-JPO-572x1024.jpg"}],"twitter_card":"summary_large_image","twitter_misc":{"Est. reading time":"1 minute"},"schema":{"@context":"https:\/\/schema.org","@graph":[{"@type":"WebPage","@id":"https:\/\/lesentrepreneurslocaux.fr\/index.php\/nos-manifestations\/","url":"https:\/\/lesentrepreneurslocaux.fr\/index.php\/nos-manifestations\/","name":"Nos \u00e9v\u00e8nements - Les entrepreneurs locaux","isPartOf":{"@id":"http:\/\/lesentrepreneurslocaux.fr\/#website"},"datePublished":"2022-10-08T16:43:40+00:00","dateModified":"2023-09-14T09:00:46+00:00","breadcrumb":{"@id":"https:\/\/lesentrepreneurslocaux.fr\/index.php\/nos-manifestations\/#breadcrumb"},"inLanguage":"en-US","potentialAction":[{"@type":"ReadAction","target":["https:\/\/lesentrepreneurslocaux.fr\/index.php\/nos-manifestations\/"]}]},{"@type":"BreadcrumbList","@id":"https:\/\/lesentrepreneurslocaux.fr\/index.php\/nos-manifestations\/#breadcrumb","itemListElement":[{"@type":"ListItem","position":1,"name":"Accueil","item":"http:\/\/lesentrepreneurslocaux.fr\/"},{"@type":"ListItem","position":2,"name":"Nos \u00e9v\u00e8nements"}]},{"@type":"WebSite","@id":"http:\/\/lesentrepreneurslocaux.fr\/#website","url":"http:\/\/lesentrepreneurslocaux.fr\/","name":"Les entrepreneurs locaux","description":"les entrepreneurs locaux","publisher":{"@id":"http:\/\/lesentrepreneurslocaux.fr\/#organization"},"potentialAction":[{"@type":"SearchAction","target":{"@type":"EntryPoint","urlTemplate":"http:\/\/lesentrepreneurslocaux.fr\/?s={search_term_string}"},"query-input":"required name=search_term_string"}],"inLanguage":"en-US"},{"@type":"Organization","@id":"http:\/\/lesentrepreneurslocaux.fr\/#organization","name":"Les entrepreneurs locaux","url":"http:\/\/lesentrepreneurslocaux.fr\/","logo":{"@type":"ImageObject","inLanguage":"en-US","@id":"http:\/\/lesentrepreneurslocaux.fr\/#\/schema\/logo\/image\/","url":"https:\/\/lesentrepreneurslocaux.fr\/wp-content\/uploads\/2022\/10\/cropped-LOGO-SANS-ECRITURE.jpg","contentUrl":"https:\/\/lesentrepreneurslocaux.fr\/wp-content\/uploads\/2022\/10\/cropped-LOGO-SANS-ECRITURE.jpg","width":675,"height":675,"caption":"Les entrepreneurs locaux"},"image":{"@id":"http:\/\/lesentrepreneurslocaux.fr\/#\/schema\/logo\/image\/"}}]}},"_links":{"self":[{"href":"https:\/\/lesentrepreneurslocaux.fr\/index.php\/wp-json\/wp\/v2\/pages\/178","targetHints":{"allow":["GET"]}}],"collection":[{"href":"https:\/\/lesentrepreneurslocaux.fr\/index.php\/wp-json\/wp\/v2\/pages"}],"about":[{"href":"https:\/\/lesentrepreneurslocaux.fr\/index.php\/wp-json\/wp\/v2\/types\/page"}],"author":[{"embeddable":true,"href":"https:\/\/lesentrepreneurslocaux.fr\/index.php\/wp-json\/wp\/v2\/users\/1"}],"replies":[{"embeddable":true,"href":"https:\/\/lesentrepreneurslocaux.fr\/index.php\/wp-json\/wp\/v2\/comments?post=178"}],"version-history":[{"count":16,"href":"https:\/\/lesentrepreneurslocaux.fr\/index.php\/wp-json\/wp\/v2\/pages\/178\/revisions"}],"predecessor-version":[{"id":1197,"href":"https:\/\/lesentrepreneurslocaux.fr\/index.php\/wp-json\/wp\/v2\/pages\/178\/revisions\/1197"}],"wp:attachment":[{"href":"https:\/\/lesentrepreneurslocaux.fr\/index.php\/wp-json\/wp\/v2\/media?parent=178"}],"curies":[{"name":"wp","href":"https:\/\/api.w.org\/{rel}","templated":true}]}}