{"id":181,"date":"2022-10-08T18:46:37","date_gmt":"2022-10-08T16:46:37","guid":{"rendered":"http:\/\/lesentrepreneurslocaux.fr\/?page_id=181"},"modified":"2023-12-15T11:21:05","modified_gmt":"2023-12-15T10:21:05","slug":"lepicerie-participative","status":"publish","type":"page","link":"https:\/\/lesentrepreneurslocaux.fr\/index.php\/lepicerie-participative\/","title":{"rendered":"Notre \u00e9picerie participative"},"content":{"rendered":"<h1 style=\"text-align: center;\">L&#8217;\u00e9picerie &#8220;l&#8217;Epi des loups&#8221;<\/h1>\n<h2 style=\"text-align: center;\">Une \u00e9picerie participative au service des habitants<\/h2>\n<h3><\/h3>\n<h3><\/h3>\n<h3><strong>Pour rejoindre la plateforme Mon Epi et acc\u00e9der \u00e0 nos produits, cliquer sur le dessin ci-dessous :<br \/>\n<\/strong><\/h3>\n<h3><a href=\"https:\/\/monepi.fr\/epidesloups\"><img loading=\"lazy\" decoding=\"async\" class=\"wp-image-874 aligncenter\" src=\"http:\/\/lesentrepreneurslocaux.fr\/wp-content\/uploads\/2022\/11\/MON-EPI-300x192.png\" alt=\"\" width=\"140\" height=\"90\" srcset=\"https:\/\/lesentrepreneurslocaux.fr\/wp-content\/uploads\/2022\/11\/MON-EPI-300x192.png 300w, https:\/\/lesentrepreneurslocaux.fr\/wp-content\/uploads\/2022\/11\/MON-EPI.png 400w\" sizes=\"auto, (max-width: 140px) 100vw, 140px\" \/><\/a><\/h3>\n<h3>Une \u00e9picerie pour le village de Boussi\u00e8res<\/h3>\n<p>Une enqu\u00eate aupr\u00e8s de la population suivie d&#8217;une r\u00e9union publique a montr\u00e9 l&#8217;envie des habitants de <a href=\"http:\/\/www.boussieres.fr\/topic\/index.html\">Boussi\u00e8res<\/a> de consommer des produits du terroir, de soutenir les producteurs locaux, et reconstruire du lien social. La cr\u00e9ation d&#8217;une \u00e9picerie participative s&#8217;est rapidement impos\u00e9e comme un moyen d&#8217;y parvenir.<\/p>\n<p>Le principe est simple : pour consommer dans cette \u00e9picerie, il convient d&#8217;\u00eatre adh\u00e9rent et de donner 2 heures par mois pour faire fonctionner l&#8217;\u00e9picerie. En effet, la forme juridique de l&#8217;\u00e9picerie est une association loi 1901.<\/p>\n<p>Cette \u00e9picerie participative a pour objectif :<\/p>\n<ul>\n<li>d&#8217;offrir aux habitants la possibilit\u00e9 de s&#8217;alimenter en produits locaux, de qualit\u00e9 et \u00e0 prix attractifs.<\/li>\n<li>de recr\u00e9er du lien social entre les habitants du village<\/li>\n<li>de reprendre le contr\u00f4le de son alimentation.<\/li>\n<\/ul>\n<h3>L&#8217;\u00e9picerie : un lieu de convivialit\u00e9<\/h3>\n<p>Le local permet d&#8217;organiser au sein de l&#8217;\u00e9picerie des ateliers cuisine, des diffusions de films, des d\u00e9gustations avec les producteurs locaux et diverses animations. C&#8217;est un lieu o\u00f9 les rencontres sont privil\u00e9gi\u00e9es.<\/p>\n<h3>Les articles parus concernant l&#8217;\u00e9picerie<\/h3>\n<p>Article paru sur l&#8217;Est R\u00e9publicain en mars 2023<\/p>\n<p><img loading=\"lazy\" decoding=\"async\" class=\"alignnone size-large wp-image-1199\" src=\"http:\/\/lesentrepreneurslocaux.fr\/wp-content\/uploads\/2023\/09\/ER503-1024x598.jpg\" alt=\"\" width=\"1024\" height=\"598\" srcset=\"https:\/\/lesentrepreneurslocaux.fr\/wp-content\/uploads\/2023\/09\/ER503-1024x598.jpg 1024w, https:\/\/lesentrepreneurslocaux.fr\/wp-content\/uploads\/2023\/09\/ER503-300x175.jpg 300w, https:\/\/lesentrepreneurslocaux.fr\/wp-content\/uploads\/2023\/09\/ER503-768x449.jpg 768w, https:\/\/lesentrepreneurslocaux.fr\/wp-content\/uploads\/2023\/09\/ER503-1536x897.jpg 1536w, https:\/\/lesentrepreneurslocaux.fr\/wp-content\/uploads\/2023\/09\/ER503-2048x1197.jpg 2048w\" sizes=\"auto, (max-width: 1024px) 100vw, 1024px\" \/><\/p>\n<div class=\"\" dir=\"auto\">\n<div id=\"jsc_c_5a\" class=\"x1iorvi4 x1pi30zi x1swvt13 x1l90r2v\" data-ad-comet-preview=\"message\" data-ad-preview=\"message\">\n<div class=\"x78zum5 xdt5ytf xz62fqu x16ldp7u\">\n<div class=\"xu06os2 x1ok221b\">\n<div class=\"x11i5rnm xat24cr x1mh8g0r x1vvkbs xtlvy1s x126k92a\">\n<div dir=\"auto\">Article paru sur Famille Chr\u00e9tienne en novembre 2023<\/div>\n<div dir=\"auto\"><img loading=\"lazy\" decoding=\"async\" class=\"alignnone wp-image-1213\" src=\"http:\/\/lesentrepreneurslocaux.fr\/wp-content\/uploads\/2023\/12\/page-1.jpg\" alt=\"\" width=\"453\" height=\"590\" srcset=\"https:\/\/lesentrepreneurslocaux.fr\/wp-content\/uploads\/2023\/12\/page-1.jpg 585w, https:\/\/lesentrepreneurslocaux.fr\/wp-content\/uploads\/2023\/12\/page-1-230x300.jpg 230w\" sizes=\"auto, (max-width: 453px) 100vw, 453px\" \/><img loading=\"lazy\" decoding=\"async\" class=\"alignnone wp-image-1214\" src=\"http:\/\/lesentrepreneurslocaux.fr\/wp-content\/uploads\/2023\/12\/page-2.jpg\" alt=\"\" width=\"488\" height=\"590\" srcset=\"https:\/\/lesentrepreneurslocaux.fr\/wp-content\/uploads\/2023\/12\/page-2.jpg 574w, https:\/\/lesentrepreneurslocaux.fr\/wp-content\/uploads\/2023\/12\/page-2-248x300.jpg 248w\" sizes=\"auto, (max-width: 488px) 100vw, 488px\" \/><\/div>\n<div dir=\"auto\"><img loading=\"lazy\" decoding=\"async\" class=\"wp-image-1216 aligncenter\" src=\"http:\/\/lesentrepreneurslocaux.fr\/wp-content\/uploads\/2023\/12\/page-3.jpg\" alt=\"\" width=\"468\" height=\"590\" srcset=\"https:\/\/lesentrepreneurslocaux.fr\/wp-content\/uploads\/2023\/12\/page-3.jpg 592w, https:\/\/lesentrepreneurslocaux.fr\/wp-content\/uploads\/2023\/12\/page-3-238x300.jpg 238w\" sizes=\"auto, (max-width: 468px) 100vw, 468px\" \/><\/div>\n<\/div>\n<div dir=\"auto\"><\/div>\n<\/div>\n<\/div>\n<\/div>\n<\/div>\n","protected":false},"excerpt":{"rendered":"<p>L&#8217;\u00e9picerie &#8220;l&#8217;Epi des loups&#8221; Une \u00e9picerie participative au service des habitants Pour rejoindre la plateforme Mon Epi et acc\u00e9der \u00e0 nos produits, cliquer sur le dessin ci-dessous : Une \u00e9picerie pour le village de Boussi\u00e8res Une enqu\u00eate aupr\u00e8s de la population suivie d&#8217;une r\u00e9union publique a montr\u00e9 l&#8217;envie des habitants de Boussi\u00e8res de consommer des [&hellip;]<\/p>\n","protected":false},"author":1,"featured_media":0,"parent":0,"menu_order":0,"comment_status":"closed","ping_status":"closed","template":"","meta":{"footnotes":""},"class_list":["post-181","page","type-page","status-publish","hentry"],"yoast_head":"<!-- This site is optimized with the Yoast SEO plugin v21.7 - https:\/\/yoast.com\/wordpress\/plugins\/seo\/ -->\n<title>Notre \u00e9picerie participative - Les entrepreneurs locaux<\/title>\n<meta name=\"robots\" content=\"index, follow, max-snippet:-1, max-image-preview:large, max-video-preview:-1\" \/>\n<link rel=\"canonical\" href=\"https:\/\/lesentrepreneurslocaux.fr\/index.php\/lepicerie-participative\/\" \/>\n<meta property=\"og:locale\" content=\"en_US\" \/>\n<meta property=\"og:type\" content=\"article\" \/>\n<meta property=\"og:title\" content=\"Notre \u00e9picerie participative - Les entrepreneurs locaux\" \/>\n<meta property=\"og:description\" content=\"L&#8217;\u00e9picerie &#8220;l&#8217;Epi des loups&#8221; Une \u00e9picerie participative au service des habitants Pour rejoindre la plateforme Mon Epi et acc\u00e9der \u00e0 nos produits, cliquer sur le dessin ci-dessous : Une \u00e9picerie pour le village de Boussi\u00e8res Une enqu\u00eate aupr\u00e8s de la population suivie d&#8217;une r\u00e9union publique a montr\u00e9 l&#8217;envie des habitants de Boussi\u00e8res de consommer des [&hellip;]\" \/>\n<meta property=\"og:url\" content=\"https:\/\/lesentrepreneurslocaux.fr\/index.php\/lepicerie-participative\/\" \/>\n<meta property=\"og:site_name\" content=\"Les entrepreneurs locaux\" \/>\n<meta property=\"article:modified_time\" content=\"2023-12-15T10:21:05+00:00\" \/>\n<meta property=\"og:image\" content=\"http:\/\/lesentrepreneurslocaux.fr\/wp-content\/uploads\/2022\/11\/MON-EPI-300x192.png\" \/>\n<meta name=\"twitter:card\" content=\"summary_large_image\" \/>\n<meta name=\"twitter:label1\" content=\"Est. reading time\" \/>\n\t<meta name=\"twitter:data1\" content=\"2 minutes\" \/>\n<script type=\"application\/ld+json\" class=\"yoast-schema-graph\">{\"@context\":\"https:\/\/schema.org\",\"@graph\":[{\"@type\":\"WebPage\",\"@id\":\"https:\/\/lesentrepreneurslocaux.fr\/index.php\/lepicerie-participative\/\",\"url\":\"https:\/\/lesentrepreneurslocaux.fr\/index.php\/lepicerie-participative\/\",\"name\":\"Notre \u00e9picerie participative - Les entrepreneurs locaux\",\"isPartOf\":{\"@id\":\"http:\/\/lesentrepreneurslocaux.fr\/#website\"},\"datePublished\":\"2022-10-08T16:46:37+00:00\",\"dateModified\":\"2023-12-15T10:21:05+00:00\",\"breadcrumb\":{\"@id\":\"https:\/\/lesentrepreneurslocaux.fr\/index.php\/lepicerie-participative\/#breadcrumb\"},\"inLanguage\":\"en-US\",\"potentialAction\":[{\"@type\":\"ReadAction\",\"target\":[\"https:\/\/lesentrepreneurslocaux.fr\/index.php\/lepicerie-participative\/\"]}]},{\"@type\":\"BreadcrumbList\",\"@id\":\"https:\/\/lesentrepreneurslocaux.fr\/index.php\/lepicerie-participative\/#breadcrumb\",\"itemListElement\":[{\"@type\":\"ListItem\",\"position\":1,\"name\":\"Accueil\",\"item\":\"http:\/\/lesentrepreneurslocaux.fr\/\"},{\"@type\":\"ListItem\",\"position\":2,\"name\":\"Notre \u00e9picerie participative\"}]},{\"@type\":\"WebSite\",\"@id\":\"http:\/\/lesentrepreneurslocaux.fr\/#website\",\"url\":\"http:\/\/lesentrepreneurslocaux.fr\/\",\"name\":\"Les entrepreneurs locaux\",\"description\":\"les entrepreneurs locaux\",\"publisher\":{\"@id\":\"http:\/\/lesentrepreneurslocaux.fr\/#organization\"},\"potentialAction\":[{\"@type\":\"SearchAction\",\"target\":{\"@type\":\"EntryPoint\",\"urlTemplate\":\"http:\/\/lesentrepreneurslocaux.fr\/?s={search_term_string}\"},\"query-input\":\"required name=search_term_string\"}],\"inLanguage\":\"en-US\"},{\"@type\":\"Organization\",\"@id\":\"http:\/\/lesentrepreneurslocaux.fr\/#organization\",\"name\":\"Les entrepreneurs locaux\",\"url\":\"http:\/\/lesentrepreneurslocaux.fr\/\",\"logo\":{\"@type\":\"ImageObject\",\"inLanguage\":\"en-US\",\"@id\":\"http:\/\/lesentrepreneurslocaux.fr\/#\/schema\/logo\/image\/\",\"url\":\"https:\/\/lesentrepreneurslocaux.fr\/wp-content\/uploads\/2022\/10\/cropped-LOGO-SANS-ECRITURE.jpg\",\"contentUrl\":\"https:\/\/lesentrepreneurslocaux.fr\/wp-content\/uploads\/2022\/10\/cropped-LOGO-SANS-ECRITURE.jpg\",\"width\":675,\"height\":675,\"caption\":\"Les entrepreneurs locaux\"},\"image\":{\"@id\":\"http:\/\/lesentrepreneurslocaux.fr\/#\/schema\/logo\/image\/\"}}]}<\/script>\n<!-- \/ Yoast SEO plugin. -->","yoast_head_json":{"title":"Notre \u00e9picerie participative - Les entrepreneurs locaux","robots":{"index":"index","follow":"follow","max-snippet":"max-snippet:-1","max-image-preview":"max-image-preview:large","max-video-preview":"max-video-preview:-1"},"canonical":"https:\/\/lesentrepreneurslocaux.fr\/index.php\/lepicerie-participative\/","og_locale":"en_US","og_type":"article","og_title":"Notre \u00e9picerie participative - Les entrepreneurs locaux","og_description":"L&#8217;\u00e9picerie &#8220;l&#8217;Epi des loups&#8221; Une \u00e9picerie participative au service des habitants Pour rejoindre la plateforme Mon Epi et acc\u00e9der \u00e0 nos produits, cliquer sur le dessin ci-dessous : Une \u00e9picerie pour le village de Boussi\u00e8res Une enqu\u00eate aupr\u00e8s de la population suivie d&#8217;une r\u00e9union publique a montr\u00e9 l&#8217;envie des habitants de Boussi\u00e8res de consommer des [&hellip;]","og_url":"https:\/\/lesentrepreneurslocaux.fr\/index.php\/lepicerie-participative\/","og_site_name":"Les entrepreneurs locaux","article_modified_time":"2023-12-15T10:21:05+00:00","og_image":[{"url":"http:\/\/lesentrepreneurslocaux.fr\/wp-content\/uploads\/2022\/11\/MON-EPI-300x192.png"}],"twitter_card":"summary_large_image","twitter_misc":{"Est. reading time":"2 minutes"},"schema":{"@context":"https:\/\/schema.org","@graph":[{"@type":"WebPage","@id":"https:\/\/lesentrepreneurslocaux.fr\/index.php\/lepicerie-participative\/","url":"https:\/\/lesentrepreneurslocaux.fr\/index.php\/lepicerie-participative\/","name":"Notre \u00e9picerie participative - Les entrepreneurs locaux","isPartOf":{"@id":"http:\/\/lesentrepreneurslocaux.fr\/#website"},"datePublished":"2022-10-08T16:46:37+00:00","dateModified":"2023-12-15T10:21:05+00:00","breadcrumb":{"@id":"https:\/\/lesentrepreneurslocaux.fr\/index.php\/lepicerie-participative\/#breadcrumb"},"inLanguage":"en-US","potentialAction":[{"@type":"ReadAction","target":["https:\/\/lesentrepreneurslocaux.fr\/index.php\/lepicerie-participative\/"]}]},{"@type":"BreadcrumbList","@id":"https:\/\/lesentrepreneurslocaux.fr\/index.php\/lepicerie-participative\/#breadcrumb","itemListElement":[{"@type":"ListItem","position":1,"name":"Accueil","item":"http:\/\/lesentrepreneurslocaux.fr\/"},{"@type":"ListItem","position":2,"name":"Notre \u00e9picerie participative"}]},{"@type":"WebSite","@id":"http:\/\/lesentrepreneurslocaux.fr\/#website","url":"http:\/\/lesentrepreneurslocaux.fr\/","name":"Les entrepreneurs locaux","description":"les entrepreneurs locaux","publisher":{"@id":"http:\/\/lesentrepreneurslocaux.fr\/#organization"},"potentialAction":[{"@type":"SearchAction","target":{"@type":"EntryPoint","urlTemplate":"http:\/\/lesentrepreneurslocaux.fr\/?s={search_term_string}"},"query-input":"required name=search_term_string"}],"inLanguage":"en-US"},{"@type":"Organization","@id":"http:\/\/lesentrepreneurslocaux.fr\/#organization","name":"Les entrepreneurs locaux","url":"http:\/\/lesentrepreneurslocaux.fr\/","logo":{"@type":"ImageObject","inLanguage":"en-US","@id":"http:\/\/lesentrepreneurslocaux.fr\/#\/schema\/logo\/image\/","url":"https:\/\/lesentrepreneurslocaux.fr\/wp-content\/uploads\/2022\/10\/cropped-LOGO-SANS-ECRITURE.jpg","contentUrl":"https:\/\/lesentrepreneurslocaux.fr\/wp-content\/uploads\/2022\/10\/cropped-LOGO-SANS-ECRITURE.jpg","width":675,"height":675,"caption":"Les entrepreneurs locaux"},"image":{"@id":"http:\/\/lesentrepreneurslocaux.fr\/#\/schema\/logo\/image\/"}}]}},"_links":{"self":[{"href":"https:\/\/lesentrepreneurslocaux.fr\/index.php\/wp-json\/wp\/v2\/pages\/181","targetHints":{"allow":["GET"]}}],"collection":[{"href":"https:\/\/lesentrepreneurslocaux.fr\/index.php\/wp-json\/wp\/v2\/pages"}],"about":[{"href":"https:\/\/lesentrepreneurslocaux.fr\/index.php\/wp-json\/wp\/v2\/types\/page"}],"author":[{"embeddable":true,"href":"https:\/\/lesentrepreneurslocaux.fr\/index.php\/wp-json\/wp\/v2\/users\/1"}],"replies":[{"embeddable":true,"href":"https:\/\/lesentrepreneurslocaux.fr\/index.php\/wp-json\/wp\/v2\/comments?post=181"}],"version-history":[{"count":37,"href":"https:\/\/lesentrepreneurslocaux.fr\/index.php\/wp-json\/wp\/v2\/pages\/181\/revisions"}],"predecessor-version":[{"id":1223,"href":"https:\/\/lesentrepreneurslocaux.fr\/index.php\/wp-json\/wp\/v2\/pages\/181\/revisions\/1223"}],"wp:attachment":[{"href":"https:\/\/lesentrepreneurslocaux.fr\/index.php\/wp-json\/wp\/v2\/media?parent=181"}],"curies":[{"name":"wp","href":"https:\/\/api.w.org\/{rel}","templated":true}]}}