{"id":380,"date":"2022-10-09T14:14:29","date_gmt":"2022-10-09T12:14:29","guid":{"rendered":"http:\/\/lesentrepreneurslocaux.fr\/?page_id=380"},"modified":"2023-11-28T20:31:17","modified_gmt":"2023-11-28T19:31:17","slug":"contact","status":"publish","type":"page","link":"https:\/\/lesentrepreneurslocaux.fr\/index.php\/contact\/","title":{"rendered":"Contact"},"content":{"rendered":"<h1 style=\"text-align: center;\">Besoin d&#8217;un renseignement, contactez nous !<\/h1>\n<h2 style=\"text-align: center;\">Le bureau de l&#8217;association des entrepreneurs locaux :<\/h2>\n<p style=\"text-align: center;\"><em>J\u00e9r\u00f4me Comte, g\u00e9rant de g\u00eetes, Pr\u00e9sident<\/em><\/p>\n<p style=\"text-align: center;\"><em>Florence Nuninger, relookeuse de meubles, Vice Pr\u00e9sidente<\/em><\/p>\n<p style=\"text-align: center;\"><em>Anne-Laure Simplot, coiffeuse, Secr\u00e9taire<\/em><\/p>\n<p style=\"text-align: center;\"><em>Hector Lagos, Animateur-Journaliste, Vice secr\u00e9taire<\/em><\/p>\n<p style=\"text-align: center;\">C\u00e9line Lenoir, Tr\u00e9sori\u00e8re<\/p>\n<p style=\"text-align: center;\"><em>Guillaume Notheisen, boucher \u2013 responsable restauration \u00e9venementielle<br \/>\n<\/em><\/p>\n<p style=\"text-align: center;\"><em>Salavatore Perrone, restaurateur, Vice Tr\u00e9sorier<\/em><\/p>\n<h2 style=\"text-align: center;\">Nos coordonn\u00e9es :<\/h2>\n<p style=\"text-align: center;\">Association &#8220;Les entrepreneurs locaux&#8221;<\/p>\n<p style=\"text-align: center;\">1 Rue des Merisiers<\/p>\n<p style=\"text-align: center;\">25320 Boussi\u00e8res<\/p>\n<p style=\"text-align: center;\">Tel : 06 78 34 68 78<\/p>\n<p style=\"text-align: center;\">lesentrepreneurslocaux@gmail.com<\/p>\n<p>&nbsp;<\/p>\n<p>&nbsp;<\/p>\n<p>&nbsp;<\/p>\n","protected":false},"excerpt":{"rendered":"<p>Besoin d&#8217;un renseignement, contactez nous ! Le bureau de l&#8217;association des entrepreneurs locaux : J\u00e9r\u00f4me Comte, g\u00e9rant de g\u00eetes, Pr\u00e9sident Florence Nuninger, relookeuse de meubles, Vice Pr\u00e9sidente Anne-Laure Simplot, coiffeuse, Secr\u00e9taire Hector Lagos, Animateur-Journaliste, Vice secr\u00e9taire C\u00e9line Lenoir, Tr\u00e9sori\u00e8re Guillaume Notheisen, boucher \u2013 responsable restauration \u00e9venementielle Salavatore Perrone, restaurateur, Vice Tr\u00e9sorier Nos coordonn\u00e9es : Association [&hellip;]<\/p>\n","protected":false},"author":1,"featured_media":0,"parent":0,"menu_order":0,"comment_status":"closed","ping_status":"closed","template":"","meta":{"footnotes":""},"class_list":["post-380","page","type-page","status-publish","hentry"],"yoast_head":"<!-- This site is optimized with the Yoast SEO plugin v21.7 - https:\/\/yoast.com\/wordpress\/plugins\/seo\/ -->\n<title>Contact - Les entrepreneurs locaux<\/title>\n<meta name=\"robots\" content=\"index, follow, max-snippet:-1, max-image-preview:large, max-video-preview:-1\" \/>\n<link rel=\"canonical\" href=\"http:\/\/lesentrepreneurslocaux.fr\/index.php\/contact\/\" \/>\n<meta property=\"og:locale\" content=\"en_US\" \/>\n<meta property=\"og:type\" content=\"article\" \/>\n<meta property=\"og:title\" content=\"Contact - Les entrepreneurs locaux\" \/>\n<meta property=\"og:description\" content=\"Besoin d&#8217;un renseignement, contactez nous ! Le bureau de l&#8217;association des entrepreneurs locaux : J\u00e9r\u00f4me Comte, g\u00e9rant de g\u00eetes, Pr\u00e9sident Florence Nuninger, relookeuse de meubles, Vice Pr\u00e9sidente Anne-Laure Simplot, coiffeuse, Secr\u00e9taire Hector Lagos, Animateur-Journaliste, Vice secr\u00e9taire C\u00e9line Lenoir, Tr\u00e9sori\u00e8re Guillaume Notheisen, boucher \u2013 responsable restauration \u00e9venementielle Salavatore Perrone, restaurateur, Vice Tr\u00e9sorier Nos coordonn\u00e9es : Association [&hellip;]\" \/>\n<meta property=\"og:url\" content=\"http:\/\/lesentrepreneurslocaux.fr\/index.php\/contact\/\" \/>\n<meta property=\"og:site_name\" content=\"Les entrepreneurs locaux\" \/>\n<meta property=\"article:modified_time\" content=\"2023-11-28T19:31:17+00:00\" \/>\n<meta name=\"twitter:card\" content=\"summary_large_image\" \/>\n<meta name=\"twitter:label1\" content=\"Est. reading time\" \/>\n\t<meta name=\"twitter:data1\" content=\"1 minute\" \/>\n<script type=\"application\/ld+json\" class=\"yoast-schema-graph\">{\"@context\":\"https:\/\/schema.org\",\"@graph\":[{\"@type\":\"WebPage\",\"@id\":\"http:\/\/lesentrepreneurslocaux.fr\/index.php\/contact\/\",\"url\":\"http:\/\/lesentrepreneurslocaux.fr\/index.php\/contact\/\",\"name\":\"Contact - Les entrepreneurs locaux\",\"isPartOf\":{\"@id\":\"http:\/\/lesentrepreneurslocaux.fr\/#website\"},\"datePublished\":\"2022-10-09T12:14:29+00:00\",\"dateModified\":\"2023-11-28T19:31:17+00:00\",\"breadcrumb\":{\"@id\":\"http:\/\/lesentrepreneurslocaux.fr\/index.php\/contact\/#breadcrumb\"},\"inLanguage\":\"en-US\",\"potentialAction\":[{\"@type\":\"ReadAction\",\"target\":[\"http:\/\/lesentrepreneurslocaux.fr\/index.php\/contact\/\"]}]},{\"@type\":\"BreadcrumbList\",\"@id\":\"http:\/\/lesentrepreneurslocaux.fr\/index.php\/contact\/#breadcrumb\",\"itemListElement\":[{\"@type\":\"ListItem\",\"position\":1,\"name\":\"Accueil\",\"item\":\"http:\/\/lesentrepreneurslocaux.fr\/\"},{\"@type\":\"ListItem\",\"position\":2,\"name\":\"Contact\"}]},{\"@type\":\"WebSite\",\"@id\":\"http:\/\/lesentrepreneurslocaux.fr\/#website\",\"url\":\"http:\/\/lesentrepreneurslocaux.fr\/\",\"name\":\"Les entrepreneurs locaux\",\"description\":\"les entrepreneurs locaux\",\"publisher\":{\"@id\":\"http:\/\/lesentrepreneurslocaux.fr\/#organization\"},\"potentialAction\":[{\"@type\":\"SearchAction\",\"target\":{\"@type\":\"EntryPoint\",\"urlTemplate\":\"http:\/\/lesentrepreneurslocaux.fr\/?s={search_term_string}\"},\"query-input\":\"required name=search_term_string\"}],\"inLanguage\":\"en-US\"},{\"@type\":\"Organization\",\"@id\":\"http:\/\/lesentrepreneurslocaux.fr\/#organization\",\"name\":\"Les entrepreneurs locaux\",\"url\":\"http:\/\/lesentrepreneurslocaux.fr\/\",\"logo\":{\"@type\":\"ImageObject\",\"inLanguage\":\"en-US\",\"@id\":\"http:\/\/lesentrepreneurslocaux.fr\/#\/schema\/logo\/image\/\",\"url\":\"https:\/\/lesentrepreneurslocaux.fr\/wp-content\/uploads\/2022\/10\/cropped-LOGO-SANS-ECRITURE.jpg\",\"contentUrl\":\"https:\/\/lesentrepreneurslocaux.fr\/wp-content\/uploads\/2022\/10\/cropped-LOGO-SANS-ECRITURE.jpg\",\"width\":675,\"height\":675,\"caption\":\"Les entrepreneurs locaux\"},\"image\":{\"@id\":\"http:\/\/lesentrepreneurslocaux.fr\/#\/schema\/logo\/image\/\"}}]}<\/script>\n<!-- \/ Yoast SEO plugin. -->","yoast_head_json":{"title":"Contact - Les entrepreneurs locaux","robots":{"index":"index","follow":"follow","max-snippet":"max-snippet:-1","max-image-preview":"max-image-preview:large","max-video-preview":"max-video-preview:-1"},"canonical":"http:\/\/lesentrepreneurslocaux.fr\/index.php\/contact\/","og_locale":"en_US","og_type":"article","og_title":"Contact - Les entrepreneurs locaux","og_description":"Besoin d&#8217;un renseignement, contactez nous ! Le bureau de l&#8217;association des entrepreneurs locaux : J\u00e9r\u00f4me Comte, g\u00e9rant de g\u00eetes, Pr\u00e9sident Florence Nuninger, relookeuse de meubles, Vice Pr\u00e9sidente Anne-Laure Simplot, coiffeuse, Secr\u00e9taire Hector Lagos, Animateur-Journaliste, Vice secr\u00e9taire C\u00e9line Lenoir, Tr\u00e9sori\u00e8re Guillaume Notheisen, boucher \u2013 responsable restauration \u00e9venementielle Salavatore Perrone, restaurateur, Vice Tr\u00e9sorier Nos coordonn\u00e9es : Association [&hellip;]","og_url":"http:\/\/lesentrepreneurslocaux.fr\/index.php\/contact\/","og_site_name":"Les entrepreneurs locaux","article_modified_time":"2023-11-28T19:31:17+00:00","twitter_card":"summary_large_image","twitter_misc":{"Est. reading time":"1 minute"},"schema":{"@context":"https:\/\/schema.org","@graph":[{"@type":"WebPage","@id":"http:\/\/lesentrepreneurslocaux.fr\/index.php\/contact\/","url":"http:\/\/lesentrepreneurslocaux.fr\/index.php\/contact\/","name":"Contact - Les entrepreneurs locaux","isPartOf":{"@id":"http:\/\/lesentrepreneurslocaux.fr\/#website"},"datePublished":"2022-10-09T12:14:29+00:00","dateModified":"2023-11-28T19:31:17+00:00","breadcrumb":{"@id":"http:\/\/lesentrepreneurslocaux.fr\/index.php\/contact\/#breadcrumb"},"inLanguage":"en-US","potentialAction":[{"@type":"ReadAction","target":["http:\/\/lesentrepreneurslocaux.fr\/index.php\/contact\/"]}]},{"@type":"BreadcrumbList","@id":"http:\/\/lesentrepreneurslocaux.fr\/index.php\/contact\/#breadcrumb","itemListElement":[{"@type":"ListItem","position":1,"name":"Accueil","item":"http:\/\/lesentrepreneurslocaux.fr\/"},{"@type":"ListItem","position":2,"name":"Contact"}]},{"@type":"WebSite","@id":"http:\/\/lesentrepreneurslocaux.fr\/#website","url":"http:\/\/lesentrepreneurslocaux.fr\/","name":"Les entrepreneurs locaux","description":"les entrepreneurs locaux","publisher":{"@id":"http:\/\/lesentrepreneurslocaux.fr\/#organization"},"potentialAction":[{"@type":"SearchAction","target":{"@type":"EntryPoint","urlTemplate":"http:\/\/lesentrepreneurslocaux.fr\/?s={search_term_string}"},"query-input":"required name=search_term_string"}],"inLanguage":"en-US"},{"@type":"Organization","@id":"http:\/\/lesentrepreneurslocaux.fr\/#organization","name":"Les entrepreneurs locaux","url":"http:\/\/lesentrepreneurslocaux.fr\/","logo":{"@type":"ImageObject","inLanguage":"en-US","@id":"http:\/\/lesentrepreneurslocaux.fr\/#\/schema\/logo\/image\/","url":"https:\/\/lesentrepreneurslocaux.fr\/wp-content\/uploads\/2022\/10\/cropped-LOGO-SANS-ECRITURE.jpg","contentUrl":"https:\/\/lesentrepreneurslocaux.fr\/wp-content\/uploads\/2022\/10\/cropped-LOGO-SANS-ECRITURE.jpg","width":675,"height":675,"caption":"Les entrepreneurs locaux"},"image":{"@id":"http:\/\/lesentrepreneurslocaux.fr\/#\/schema\/logo\/image\/"}}]}},"_links":{"self":[{"href":"https:\/\/lesentrepreneurslocaux.fr\/index.php\/wp-json\/wp\/v2\/pages\/380","targetHints":{"allow":["GET"]}}],"collection":[{"href":"https:\/\/lesentrepreneurslocaux.fr\/index.php\/wp-json\/wp\/v2\/pages"}],"about":[{"href":"https:\/\/lesentrepreneurslocaux.fr\/index.php\/wp-json\/wp\/v2\/types\/page"}],"author":[{"embeddable":true,"href":"https:\/\/lesentrepreneurslocaux.fr\/index.php\/wp-json\/wp\/v2\/users\/1"}],"replies":[{"embeddable":true,"href":"https:\/\/lesentrepreneurslocaux.fr\/index.php\/wp-json\/wp\/v2\/comments?post=380"}],"version-history":[{"count":5,"href":"https:\/\/lesentrepreneurslocaux.fr\/index.php\/wp-json\/wp\/v2\/pages\/380\/revisions"}],"predecessor-version":[{"id":1202,"href":"https:\/\/lesentrepreneurslocaux.fr\/index.php\/wp-json\/wp\/v2\/pages\/380\/revisions\/1202"}],"wp:attachment":[{"href":"https:\/\/lesentrepreneurslocaux.fr\/index.php\/wp-json\/wp\/v2\/media?parent=380"}],"curies":[{"name":"wp","href":"https:\/\/api.w.org\/{rel}","templated":true}]}}